{"id":262,"date":"2025-03-12T15:21:44","date_gmt":"2025-03-12T15:21:44","guid":{"rendered":"https:\/\/the-mindset-studio.com\/?post_type=product&#038;p=262"},"modified":"2025-04-18T12:09:26","modified_gmt":"2025-04-18T12:09:26","slug":"product-1","status":"publish","type":"product","link":"https:\/\/the-mindset-studio.com\/sv\/produkt\/product-1\/","title":{"rendered":"1 timmes upplevelse av konstskapande"},"content":{"rendered":"<p>Unna dig sj\u00e4lv eller n\u00e5gon annan en timmes 1:1 konstupplevelse p\u00e5 The Mindset Studio.<\/p>","protected":false},"excerpt":{"rendered":"<ul>\n<li>en entimmes konstupplevelse i The Mindset Studio<\/li>\n<li>f\u00f6r en person<\/li>\n<\/ul>","protected":false},"featured_media":62,"comment_status":"open","ping_status":"closed","template":"","meta":{"nf_dc_page":"","_et_pb_use_builder":"","_et_pb_old_content":"","_et_gb_content_width":""},"product_brand":[],"product_cat":[33],"product_tag":[],"class_list":{"0":"post-262","1":"product","2":"type-product","3":"status-publish","4":"has-post-thumbnail","6":"product_cat-in-person-experience","8":"first","9":"instock","10":"virtual","11":"taxable","12":"purchasable","13":"product-type-simple"},"yoast_head":"<!-- This site is optimized with the Yoast SEO plugin v27.4 - https:\/\/yoast.com\/product\/yoast-seo-wordpress\/ -->\n<title>1 hour Art making experience - The Mindset Studio<\/title>\n<meta name=\"robots\" content=\"index, follow, max-snippet:-1, max-image-preview:large, max-video-preview:-1\" \/>\n<link rel=\"canonical\" href=\"https:\/\/the-mindset-studio.com\/sv\/produkt\/product-1\/\" \/>\n<meta property=\"og:locale\" content=\"sv_SE\" \/>\n<meta property=\"og:type\" content=\"article\" \/>\n<meta property=\"og:title\" content=\"1 hour Art making experience - The Mindset Studio\" \/>\n<meta property=\"og:description\" content=\"a one-hour art making experience at The Mindset Studio  for one person\" \/>\n<meta property=\"og:url\" content=\"https:\/\/the-mindset-studio.com\/sv\/produkt\/product-1\/\" \/>\n<meta property=\"og:site_name\" content=\"The Mindset Studio\" \/>\n<meta property=\"article:modified_time\" content=\"2025-04-18T12:09:26+00:00\" \/>\n<meta property=\"og:image\" content=\"https:\/\/the-mindset-studio.com\/wp-content\/uploads\/2025\/02\/therapy-31.png\" \/>\n\t<meta property=\"og:image:width\" content=\"370\" \/>\n\t<meta property=\"og:image:height\" content=\"369\" \/>\n\t<meta property=\"og:image:type\" content=\"image\/png\" \/>\n<meta name=\"twitter:card\" content=\"summary_large_image\" \/>\n<meta name=\"twitter:label1\" content=\"Ber\u00e4knad l\u00e4stid\" \/>\n\t<meta name=\"twitter:data1\" content=\"1 minut\" \/>\n<script type=\"application\/ld+json\" class=\"yoast-schema-graph\">{\"@context\":\"https:\\\/\\\/schema.org\",\"@graph\":[{\"@type\":\"WebPage\",\"@id\":\"https:\\\/\\\/the-mindset-studio.com\\\/product\\\/product-1\\\/\",\"url\":\"https:\\\/\\\/the-mindset-studio.com\\\/product\\\/product-1\\\/\",\"name\":\"1 hour Art making experience - The Mindset Studio\",\"isPartOf\":{\"@id\":\"https:\\\/\\\/the-mindset-studio.com\\\/#website\"},\"primaryImageOfPage\":{\"@id\":\"https:\\\/\\\/the-mindset-studio.com\\\/product\\\/product-1\\\/#primaryimage\"},\"image\":{\"@id\":\"https:\\\/\\\/the-mindset-studio.com\\\/product\\\/product-1\\\/#primaryimage\"},\"thumbnailUrl\":\"https:\\\/\\\/i0.wp.com\\\/the-mindset-studio.com\\\/wp-content\\\/uploads\\\/2025\\\/02\\\/therapy-31.png?fit=370%2C369&ssl=1\",\"datePublished\":\"2025-03-12T15:21:44+00:00\",\"dateModified\":\"2025-04-18T12:09:26+00:00\",\"breadcrumb\":{\"@id\":\"https:\\\/\\\/the-mindset-studio.com\\\/product\\\/product-1\\\/#breadcrumb\"},\"inLanguage\":\"sv-SE\",\"potentialAction\":[{\"@type\":\"ReadAction\",\"target\":[\"https:\\\/\\\/the-mindset-studio.com\\\/product\\\/product-1\\\/\"]}]},{\"@type\":\"ImageObject\",\"inLanguage\":\"sv-SE\",\"@id\":\"https:\\\/\\\/the-mindset-studio.com\\\/product\\\/product-1\\\/#primaryimage\",\"url\":\"https:\\\/\\\/i0.wp.com\\\/the-mindset-studio.com\\\/wp-content\\\/uploads\\\/2025\\\/02\\\/therapy-31.png?fit=370%2C369&ssl=1\",\"contentUrl\":\"https:\\\/\\\/i0.wp.com\\\/the-mindset-studio.com\\\/wp-content\\\/uploads\\\/2025\\\/02\\\/therapy-31.png?fit=370%2C369&ssl=1\",\"width\":370,\"height\":369},{\"@type\":\"BreadcrumbList\",\"@id\":\"https:\\\/\\\/the-mindset-studio.com\\\/product\\\/product-1\\\/#breadcrumb\",\"itemListElement\":[{\"@type\":\"ListItem\",\"position\":1,\"name\":\"Home\",\"item\":\"https:\\\/\\\/the-mindset-studio.com\\\/\"},{\"@type\":\"ListItem\",\"position\":2,\"name\":\"Shop\",\"item\":\"https:\\\/\\\/the-mindset-studio.com\\\/shop-2\\\/\"},{\"@type\":\"ListItem\",\"position\":3,\"name\":\"1 hour Art making experience\"}]},{\"@type\":\"WebSite\",\"@id\":\"https:\\\/\\\/the-mindset-studio.com\\\/#website\",\"url\":\"https:\\\/\\\/the-mindset-studio.com\\\/\",\"name\":\"The Mindset Studio\",\"description\":\"\",\"potentialAction\":[{\"@type\":\"SearchAction\",\"target\":{\"@type\":\"EntryPoint\",\"urlTemplate\":\"https:\\\/\\\/the-mindset-studio.com\\\/?s={search_term_string}\"},\"query-input\":{\"@type\":\"PropertyValueSpecification\",\"valueRequired\":true,\"valueName\":\"search_term_string\"}}],\"inLanguage\":\"sv-SE\"}]}<\/script>\n<!-- \/ Yoast SEO plugin. -->","yoast_head_json":{"title":"1 hour Art making experience - The Mindset Studio","robots":{"index":"index","follow":"follow","max-snippet":"max-snippet:-1","max-image-preview":"max-image-preview:large","max-video-preview":"max-video-preview:-1"},"canonical":"https:\/\/the-mindset-studio.com\/sv\/produkt\/product-1\/","og_locale":"sv_SE","og_type":"article","og_title":"1 hour Art making experience - The Mindset Studio","og_description":"a one-hour art making experience at The Mindset Studio  for one person","og_url":"https:\/\/the-mindset-studio.com\/sv\/produkt\/product-1\/","og_site_name":"The Mindset Studio","article_modified_time":"2025-04-18T12:09:26+00:00","og_image":[{"width":370,"height":369,"url":"https:\/\/the-mindset-studio.com\/wp-content\/uploads\/2025\/02\/therapy-31.png","type":"image\/png"}],"twitter_card":"summary_large_image","twitter_misc":{"Ber\u00e4knad l\u00e4stid":"1 minut"},"schema":{"@context":"https:\/\/schema.org","@graph":[{"@type":"WebPage","@id":"https:\/\/the-mindset-studio.com\/product\/product-1\/","url":"https:\/\/the-mindset-studio.com\/product\/product-1\/","name":"1 hour Art making experience - The Mindset Studio","isPartOf":{"@id":"https:\/\/the-mindset-studio.com\/#website"},"primaryImageOfPage":{"@id":"https:\/\/the-mindset-studio.com\/product\/product-1\/#primaryimage"},"image":{"@id":"https:\/\/the-mindset-studio.com\/product\/product-1\/#primaryimage"},"thumbnailUrl":"https:\/\/i0.wp.com\/the-mindset-studio.com\/wp-content\/uploads\/2025\/02\/therapy-31.png?fit=370%2C369&ssl=1","datePublished":"2025-03-12T15:21:44+00:00","dateModified":"2025-04-18T12:09:26+00:00","breadcrumb":{"@id":"https:\/\/the-mindset-studio.com\/product\/product-1\/#breadcrumb"},"inLanguage":"sv-SE","potentialAction":[{"@type":"ReadAction","target":["https:\/\/the-mindset-studio.com\/product\/product-1\/"]}]},{"@type":"ImageObject","inLanguage":"sv-SE","@id":"https:\/\/the-mindset-studio.com\/product\/product-1\/#primaryimage","url":"https:\/\/i0.wp.com\/the-mindset-studio.com\/wp-content\/uploads\/2025\/02\/therapy-31.png?fit=370%2C369&ssl=1","contentUrl":"https:\/\/i0.wp.com\/the-mindset-studio.com\/wp-content\/uploads\/2025\/02\/therapy-31.png?fit=370%2C369&ssl=1","width":370,"height":369},{"@type":"BreadcrumbList","@id":"https:\/\/the-mindset-studio.com\/product\/product-1\/#breadcrumb","itemListElement":[{"@type":"ListItem","position":1,"name":"Home","item":"https:\/\/the-mindset-studio.com\/"},{"@type":"ListItem","position":2,"name":"Shop","item":"https:\/\/the-mindset-studio.com\/shop-2\/"},{"@type":"ListItem","position":3,"name":"1 hour Art making experience"}]},{"@type":"WebSite","@id":"https:\/\/the-mindset-studio.com\/#website","url":"https:\/\/the-mindset-studio.com\/","name":"The Mindset Studio","description":"","potentialAction":[{"@type":"SearchAction","target":{"@type":"EntryPoint","urlTemplate":"https:\/\/the-mindset-studio.com\/?s={search_term_string}"},"query-input":{"@type":"PropertyValueSpecification","valueRequired":true,"valueName":"search_term_string"}}],"inLanguage":"sv-SE"}]}},"jetpack_sharing_enabled":true,"_links":{"self":[{"href":"https:\/\/the-mindset-studio.com\/sv\/wp-json\/wp\/v2\/product\/262","targetHints":{"allow":["GET"]}}],"collection":[{"href":"https:\/\/the-mindset-studio.com\/sv\/wp-json\/wp\/v2\/product"}],"about":[{"href":"https:\/\/the-mindset-studio.com\/sv\/wp-json\/wp\/v2\/types\/product"}],"replies":[{"embeddable":true,"href":"https:\/\/the-mindset-studio.com\/sv\/wp-json\/wp\/v2\/comments?post=262"}],"wp:featuredmedia":[{"embeddable":true,"href":"https:\/\/the-mindset-studio.com\/sv\/wp-json\/wp\/v2\/media\/62"}],"wp:attachment":[{"href":"https:\/\/the-mindset-studio.com\/sv\/wp-json\/wp\/v2\/media?parent=262"}],"wp:term":[{"taxonomy":"product_brand","embeddable":true,"href":"https:\/\/the-mindset-studio.com\/sv\/wp-json\/wp\/v2\/product_brand?post=262"},{"taxonomy":"product_cat","embeddable":true,"href":"https:\/\/the-mindset-studio.com\/sv\/wp-json\/wp\/v2\/product_cat?post=262"},{"taxonomy":"product_tag","embeddable":true,"href":"https:\/\/the-mindset-studio.com\/sv\/wp-json\/wp\/v2\/product_tag?post=262"}],"curies":[{"name":"wp","href":"https:\/\/api.w.org\/{rel}","templated":true}]}}