{"id":324,"date":"2025-04-18T12:04:41","date_gmt":"2025-04-18T12:04:41","guid":{"rendered":"https:\/\/the-mindset-studio.com\/?post_type=product&#038;p=324"},"modified":"2025-04-18T12:11:42","modified_gmt":"2025-04-18T12:11:42","slug":"10-art-making-sessions-10-hours","status":"publish","type":"product","link":"https:\/\/the-mindset-studio.com\/fr\/produit\/10-art-making-sessions-10-hours\/","title":{"rendered":"10 s\u00e9ances de cr\u00e9ation artistique (10 heures)"},"content":{"rendered":"<p>Offrez-vous ou offrez \u00e0 quelqu'un d'autre cette s\u00e9rie de 10 s\u00e9ances de cr\u00e9ation artistique au Mindset Studio. (Re)d\u00e9couvrez l'artiste qui sommeille en vous, d\u00e9veloppez vos comp\u00e9tences et prenez soin de vous.<\/p>","protected":false},"excerpt":{"rendered":"<ul>\n<li>organiser une exp\u00e9rience d'apprentissage amusante et cr\u00e9ative pour vous-m\u00eame ou un ami<\/li>\n<li>(re)d\u00e9couvrir l'artiste qui sommeille en vous<\/li>\n<li>am\u00e9liorer le bien-\u00eatre par la cr\u00e9ation artistique<\/li>\n<li>pour une personne<\/li>\n<\/ul>\n<p>&nbsp;<\/p>","protected":false},"featured_media":170,"comment_status":"open","ping_status":"closed","template":"","meta":{"nf_dc_page":"","_et_pb_use_builder":"","_et_pb_old_content":"","_et_gb_content_width":""},"product_brand":[],"product_cat":[33],"product_tag":[],"class_list":{"0":"post-324","1":"product","2":"type-product","3":"status-publish","4":"has-post-thumbnail","6":"product_cat-in-person-experience","8":"first","9":"instock","10":"taxable","11":"shipping-taxable","12":"purchasable","13":"product-type-simple"},"yoast_head":"<!-- This site is optimized with the Yoast SEO plugin v27.4 - https:\/\/yoast.com\/product\/yoast-seo-wordpress\/ -->\n<title>10 Art making sessions (10 hours) - The Mindset Studio<\/title>\n<meta name=\"robots\" content=\"index, follow, max-snippet:-1, max-image-preview:large, max-video-preview:-1\" \/>\n<link rel=\"canonical\" href=\"https:\/\/the-mindset-studio.com\/fr\/produit\/10-art-making-sessions-10-hours\/\" \/>\n<meta property=\"og:locale\" content=\"fr_FR\" \/>\n<meta property=\"og:type\" content=\"article\" \/>\n<meta property=\"og:title\" content=\"10 Art making sessions (10 hours) - The Mindset Studio\" \/>\n<meta property=\"og:description\" content=\"arrange a fun and creative learning experience for yourself or a friend  (re)discover your inner artist  improve wellbeing through art making  for one person  &nbsp;\" \/>\n<meta property=\"og:url\" content=\"https:\/\/the-mindset-studio.com\/fr\/produit\/10-art-making-sessions-10-hours\/\" \/>\n<meta property=\"og:site_name\" content=\"The Mindset Studio\" \/>\n<meta property=\"article:modified_time\" content=\"2025-04-18T12:11:42+00:00\" \/>\n<meta property=\"og:image\" content=\"https:\/\/the-mindset-studio.com\/wp-content\/uploads\/2025\/03\/corner-of-a-canvas-rotated.jpg\" \/>\n\t<meta property=\"og:image:width\" content=\"1512\" \/>\n\t<meta property=\"og:image:height\" content=\"2016\" \/>\n\t<meta property=\"og:image:type\" content=\"image\/jpeg\" \/>\n<meta name=\"twitter:card\" content=\"summary_large_image\" \/>\n<meta name=\"twitter:label1\" content=\"Dur\u00e9e de lecture estim\u00e9e\" \/>\n\t<meta name=\"twitter:data1\" content=\"1 minute\" \/>\n<script type=\"application\/ld+json\" class=\"yoast-schema-graph\">{\"@context\":\"https:\\\/\\\/schema.org\",\"@graph\":[{\"@type\":\"WebPage\",\"@id\":\"https:\\\/\\\/the-mindset-studio.com\\\/product\\\/10-art-making-sessions-10-hours\\\/\",\"url\":\"https:\\\/\\\/the-mindset-studio.com\\\/product\\\/10-art-making-sessions-10-hours\\\/\",\"name\":\"10 Art making sessions (10 hours) - The Mindset Studio\",\"isPartOf\":{\"@id\":\"https:\\\/\\\/the-mindset-studio.com\\\/#website\"},\"primaryImageOfPage\":{\"@id\":\"https:\\\/\\\/the-mindset-studio.com\\\/product\\\/10-art-making-sessions-10-hours\\\/#primaryimage\"},\"image\":{\"@id\":\"https:\\\/\\\/the-mindset-studio.com\\\/product\\\/10-art-making-sessions-10-hours\\\/#primaryimage\"},\"thumbnailUrl\":\"https:\\\/\\\/i0.wp.com\\\/the-mindset-studio.com\\\/wp-content\\\/uploads\\\/2025\\\/03\\\/corner-of-a-canvas-rotated.jpg?fit=1512%2C2016&ssl=1\",\"datePublished\":\"2025-04-18T12:04:41+00:00\",\"dateModified\":\"2025-04-18T12:11:42+00:00\",\"breadcrumb\":{\"@id\":\"https:\\\/\\\/the-mindset-studio.com\\\/product\\\/10-art-making-sessions-10-hours\\\/#breadcrumb\"},\"inLanguage\":\"fr-FR\",\"potentialAction\":[{\"@type\":\"ReadAction\",\"target\":[\"https:\\\/\\\/the-mindset-studio.com\\\/product\\\/10-art-making-sessions-10-hours\\\/\"]}]},{\"@type\":\"ImageObject\",\"inLanguage\":\"fr-FR\",\"@id\":\"https:\\\/\\\/the-mindset-studio.com\\\/product\\\/10-art-making-sessions-10-hours\\\/#primaryimage\",\"url\":\"https:\\\/\\\/i0.wp.com\\\/the-mindset-studio.com\\\/wp-content\\\/uploads\\\/2025\\\/03\\\/corner-of-a-canvas-rotated.jpg?fit=1512%2C2016&ssl=1\",\"contentUrl\":\"https:\\\/\\\/i0.wp.com\\\/the-mindset-studio.com\\\/wp-content\\\/uploads\\\/2025\\\/03\\\/corner-of-a-canvas-rotated.jpg?fit=1512%2C2016&ssl=1\",\"width\":1512,\"height\":2016},{\"@type\":\"BreadcrumbList\",\"@id\":\"https:\\\/\\\/the-mindset-studio.com\\\/product\\\/10-art-making-sessions-10-hours\\\/#breadcrumb\",\"itemListElement\":[{\"@type\":\"ListItem\",\"position\":1,\"name\":\"Home\",\"item\":\"https:\\\/\\\/the-mindset-studio.com\\\/\"},{\"@type\":\"ListItem\",\"position\":2,\"name\":\"Shop\",\"item\":\"https:\\\/\\\/the-mindset-studio.com\\\/shop-2\\\/\"},{\"@type\":\"ListItem\",\"position\":3,\"name\":\"10 Art making sessions (10 hours)\"}]},{\"@type\":\"WebSite\",\"@id\":\"https:\\\/\\\/the-mindset-studio.com\\\/#website\",\"url\":\"https:\\\/\\\/the-mindset-studio.com\\\/\",\"name\":\"The Mindset Studio\",\"description\":\"\",\"potentialAction\":[{\"@type\":\"SearchAction\",\"target\":{\"@type\":\"EntryPoint\",\"urlTemplate\":\"https:\\\/\\\/the-mindset-studio.com\\\/?s={search_term_string}\"},\"query-input\":{\"@type\":\"PropertyValueSpecification\",\"valueRequired\":true,\"valueName\":\"search_term_string\"}}],\"inLanguage\":\"fr-FR\"}]}<\/script>\n<!-- \/ Yoast SEO plugin. -->","yoast_head_json":{"title":"10 Art making sessions (10 hours) - The Mindset Studio","robots":{"index":"index","follow":"follow","max-snippet":"max-snippet:-1","max-image-preview":"max-image-preview:large","max-video-preview":"max-video-preview:-1"},"canonical":"https:\/\/the-mindset-studio.com\/fr\/produit\/10-art-making-sessions-10-hours\/","og_locale":"fr_FR","og_type":"article","og_title":"10 Art making sessions (10 hours) - The Mindset Studio","og_description":"arrange a fun and creative learning experience for yourself or a friend  (re)discover your inner artist  improve wellbeing through art making  for one person  &nbsp;","og_url":"https:\/\/the-mindset-studio.com\/fr\/produit\/10-art-making-sessions-10-hours\/","og_site_name":"The Mindset Studio","article_modified_time":"2025-04-18T12:11:42+00:00","og_image":[{"width":1512,"height":2016,"url":"https:\/\/the-mindset-studio.com\/wp-content\/uploads\/2025\/03\/corner-of-a-canvas-rotated.jpg","type":"image\/jpeg"}],"twitter_card":"summary_large_image","twitter_misc":{"Dur\u00e9e de lecture estim\u00e9e":"1 minute"},"schema":{"@context":"https:\/\/schema.org","@graph":[{"@type":"WebPage","@id":"https:\/\/the-mindset-studio.com\/product\/10-art-making-sessions-10-hours\/","url":"https:\/\/the-mindset-studio.com\/product\/10-art-making-sessions-10-hours\/","name":"10 Art making sessions (10 hours) - The Mindset Studio","isPartOf":{"@id":"https:\/\/the-mindset-studio.com\/#website"},"primaryImageOfPage":{"@id":"https:\/\/the-mindset-studio.com\/product\/10-art-making-sessions-10-hours\/#primaryimage"},"image":{"@id":"https:\/\/the-mindset-studio.com\/product\/10-art-making-sessions-10-hours\/#primaryimage"},"thumbnailUrl":"https:\/\/i0.wp.com\/the-mindset-studio.com\/wp-content\/uploads\/2025\/03\/corner-of-a-canvas-rotated.jpg?fit=1512%2C2016&ssl=1","datePublished":"2025-04-18T12:04:41+00:00","dateModified":"2025-04-18T12:11:42+00:00","breadcrumb":{"@id":"https:\/\/the-mindset-studio.com\/product\/10-art-making-sessions-10-hours\/#breadcrumb"},"inLanguage":"fr-FR","potentialAction":[{"@type":"ReadAction","target":["https:\/\/the-mindset-studio.com\/product\/10-art-making-sessions-10-hours\/"]}]},{"@type":"ImageObject","inLanguage":"fr-FR","@id":"https:\/\/the-mindset-studio.com\/product\/10-art-making-sessions-10-hours\/#primaryimage","url":"https:\/\/i0.wp.com\/the-mindset-studio.com\/wp-content\/uploads\/2025\/03\/corner-of-a-canvas-rotated.jpg?fit=1512%2C2016&ssl=1","contentUrl":"https:\/\/i0.wp.com\/the-mindset-studio.com\/wp-content\/uploads\/2025\/03\/corner-of-a-canvas-rotated.jpg?fit=1512%2C2016&ssl=1","width":1512,"height":2016},{"@type":"BreadcrumbList","@id":"https:\/\/the-mindset-studio.com\/product\/10-art-making-sessions-10-hours\/#breadcrumb","itemListElement":[{"@type":"ListItem","position":1,"name":"Home","item":"https:\/\/the-mindset-studio.com\/"},{"@type":"ListItem","position":2,"name":"Shop","item":"https:\/\/the-mindset-studio.com\/shop-2\/"},{"@type":"ListItem","position":3,"name":"10 Art making sessions (10 hours)"}]},{"@type":"WebSite","@id":"https:\/\/the-mindset-studio.com\/#website","url":"https:\/\/the-mindset-studio.com\/","name":"Le studio Mindset","description":"","potentialAction":[{"@type":"SearchAction","target":{"@type":"EntryPoint","urlTemplate":"https:\/\/the-mindset-studio.com\/?s={search_term_string}"},"query-input":{"@type":"PropertyValueSpecification","valueRequired":true,"valueName":"search_term_string"}}],"inLanguage":"fr-FR"}]}},"jetpack_sharing_enabled":true,"_links":{"self":[{"href":"https:\/\/the-mindset-studio.com\/fr\/wp-json\/wp\/v2\/product\/324","targetHints":{"allow":["GET"]}}],"collection":[{"href":"https:\/\/the-mindset-studio.com\/fr\/wp-json\/wp\/v2\/product"}],"about":[{"href":"https:\/\/the-mindset-studio.com\/fr\/wp-json\/wp\/v2\/types\/product"}],"replies":[{"embeddable":true,"href":"https:\/\/the-mindset-studio.com\/fr\/wp-json\/wp\/v2\/comments?post=324"}],"wp:featuredmedia":[{"embeddable":true,"href":"https:\/\/the-mindset-studio.com\/fr\/wp-json\/wp\/v2\/media\/170"}],"wp:attachment":[{"href":"https:\/\/the-mindset-studio.com\/fr\/wp-json\/wp\/v2\/media?parent=324"}],"wp:term":[{"taxonomy":"product_brand","embeddable":true,"href":"https:\/\/the-mindset-studio.com\/fr\/wp-json\/wp\/v2\/product_brand?post=324"},{"taxonomy":"product_cat","embeddable":true,"href":"https:\/\/the-mindset-studio.com\/fr\/wp-json\/wp\/v2\/product_cat?post=324"},{"taxonomy":"product_tag","embeddable":true,"href":"https:\/\/the-mindset-studio.com\/fr\/wp-json\/wp\/v2\/product_tag?post=324"}],"curies":[{"name":"wp","href":"https:\/\/api.w.org\/{rel}","templated":true}]}}